{"id":445,"date":"2026-02-27T14:08:33","date_gmt":"2026-02-27T14:08:33","guid":{"rendered":"https:\/\/bizimapartmanimiz.com\/?page_id=445"},"modified":"2026-03-10T10:23:24","modified_gmt":"2026-03-10T10:23:24","slug":"sohret-yilmaz-baris-apartmani","status":"publish","type":"page","link":"https:\/\/bizimapartmanimiz.com\/?page_id=445","title":{"rendered":"\u015e\u00f6hret Y\u0131lmaz Bar\u0131\u015f Apartman\u0131"},"content":{"rendered":"","protected":true},"excerpt":{"rendered":"","protected":true},"author":1,"featured_media":0,"parent":0,"menu_order":0,"comment_status":"closed","ping_status":"closed","template":"","meta":{"footnotes":""},"class_list":["post-445","page","type-page","status-publish","post-password-required","hentry","comments-off"],"jetpack_sharing_enabled":true,"_links":{"self":[{"href":"https:\/\/bizimapartmanimiz.com\/index.php?rest_route=\/wp\/v2\/pages\/445","targetHints":{"allow":["GET"]}}],"collection":[{"href":"https:\/\/bizimapartmanimiz.com\/index.php?rest_route=\/wp\/v2\/pages"}],"about":[{"href":"https:\/\/bizimapartmanimiz.com\/index.php?rest_route=\/wp\/v2\/types\/page"}],"author":[{"embeddable":true,"href":"https:\/\/bizimapartmanimiz.com\/index.php?rest_route=\/wp\/v2\/users\/1"}],"replies":[{"embeddable":true,"href":"https:\/\/bizimapartmanimiz.com\/index.php?rest_route=%2Fwp%2Fv2%2Fcomments&post=445"}],"version-history":[{"count":6,"href":"https:\/\/bizimapartmanimiz.com\/index.php?rest_route=\/wp\/v2\/pages\/445\/revisions"}],"predecessor-version":[{"id":533,"href":"https:\/\/bizimapartmanimiz.com\/index.php?rest_route=\/wp\/v2\/pages\/445\/revisions\/533"}],"wp:attachment":[{"href":"https:\/\/bizimapartmanimiz.com\/index.php?rest_route=%2Fwp%2Fv2%2Fmedia&parent=445"}],"curies":[{"name":"wp","href":"https:\/\/api.w.org\/{rel}","templated":true}]}}